{"id":14,"date":"2024-07-29T21:14:29","date_gmt":"2024-07-29T19:14:29","guid":{"rendered":"http:\/\/weis-transport.pl\/?page_id=14"},"modified":"2024-10-12T22:02:23","modified_gmt":"2024-10-12T20:02:23","slug":"informacje","status":"publish","type":"page","link":"https:\/\/weis-transport.pl\/?page_id=14","title":{"rendered":""},"content":{"rendered":"\n<p><style>\/*! elementor - v3.23.0 - 23-07-2024 *\/<br \/>\n.elementor-widget-image{text-align:center}.elementor-widget-image a{display:inline-block}.elementor-widget-image a img[src$=\".svg\"]{width:48px}.elementor-widget-image img{vertical-align:middle;display:inline-block}<\/style><\/p>\n\n\n<div class=\"wp-block-image\">\n<figure class=\"alignleft is-resized\"><img decoding=\"async\" src=\"https:\/\/weis-transport.pl\/wp-content\/uploads\/2024\/09\/Projekt-bez-nazwy-1-724x1024.png\" alt=\"\" style=\"width:329px;height:auto\"\/><\/figure>\n<\/div>\n\n\n<p><\/p>\n\n\n\n<p class=\"has-text-align-left has-medium-font-size\">Tworzymy grup\u0119 <strong>do\u015bwiadczonych specjalist\u00f3w<\/strong> w dziedzinie transportu z 20-letnim sta\u017cem.<\/p>\n\n\n\n<p class=\"has-text-align-center has-medium-font-size\">Fundamentem naszego dzia\u0142ania jest nasze do\u015bwiadczenie. Pozwala nam ono przewidzie\u0107 zagro\u017cenia oraz zminimalizowa\u0107 ryzyko. Opieramy si\u0119 o najlepsze praktyki na rynku&nbsp; jeste\u015bmy zawsze otwarci przemodelowanie naszych proces\u00f3w transportowo-logistycznych dla osi\u0105gni\u0119cia najlepszych korzy\u015bci dla naszych kontrahent\u00f3w.<\/p>\n\n\n\n<p class=\"has-text-align-center has-medium-font-size\">Wyznajemy zasad\u0119 Podej\u015bcie procesowe, Praca zespo\u0142owa. Ka\u017cdy pracownik WEIS jest w pe\u0142ni przeszkolony z zakresu operacyjnego na swoim stanowisku. Wierzymy, \u017ce tylko zesp\u00f3\u0142 Specjalist\u00f3w nastawionych na rozw\u00f3j swoich kompetencji mo\u017ce przynie\u015b\u0107 \u201ewarto\u015b\u0107 dodan\u0105\u201d dla naszych zleceniodawc\u00f3w.<\/p>\n\n\n\n<p>&nbsp;<\/p>\n\n\n<div class=\"wp-block-image\">\n<figure class=\"alignright is-resized\"><img decoding=\"async\" src=\"https:\/\/weis-transport.pl\/wp-content\/uploads\/2024\/09\/Projekt-bez-nazwy-2-5-724x1024.png\" alt=\"\" style=\"width:347px;height:auto\"\/><\/figure>\n<\/div>\n\n\n<p><\/p>\n\n\n\n<p><\/p>\n\n\n\n<p><\/p>\n\n\n\n<p class=\"has-medium-font-size\">Dzia\u0142amy w my\u015bl zasady PLANUJEMY, po czym MONITORUJEMY ODCHY\u0141Y. W ten spos\u00f3b dostarczane przez nas us\u0142ugi transport\/spedycja maj\u0105 na celu spe\u0142ni\u0107 najwy\u017csze wymagania naszych kontrahent\u00f3w, a praca w naszym zespole jest przewidywalna i pouk\u0142adana.<\/p>\n\n\n\n<p><\/p>\n","protected":false},"excerpt":{"rendered":"<p>Tworzymy grup\u0119 do\u015bwiadczonych specjalist\u00f3w w dziedzinie transportu z 20-letnim sta\u017cem. Fundamentem naszego dzia\u0142ania jest nasze do\u015bwiadczenie. Pozwala nam ono przewidzie\u0107 zagro\u017cenia oraz zminimalizowa\u0107 ryzyko. Opieramy si\u0119 o najlepsze praktyki na rynku&nbsp; jeste\u015bmy zawsze otwarci przemodelowanie naszych proces\u00f3w transportowo-logistycznych dla osi\u0105gni\u0119cia najlepszych korzy\u015bci dla naszych kontrahent\u00f3w. Wyznajemy zasad\u0119 Podej\u015bcie procesowe, Praca zespo\u0142owa. Ka\u017cdy pracownik WEIS jest&#8230;<\/p>\n","protected":false},"author":1,"featured_media":136,"parent":0,"menu_order":0,"comment_status":"closed","ping_status":"closed","template":"","meta":{"_kad_post_transparent":"","_kad_post_title":"","_kad_post_layout":"","_kad_post_sidebar_id":"","_kad_post_content_style":"","_kad_post_vertical_padding":"","_kad_post_feature":"","_kad_post_feature_position":"","_kad_post_header":false,"_kad_post_footer":false,"footnotes":""},"class_list":["post-14","page","type-page","status-publish","has-post-thumbnail","hentry"],"_links":{"self":[{"href":"https:\/\/weis-transport.pl\/index.php?rest_route=\/wp\/v2\/pages\/14","targetHints":{"allow":["GET"]}}],"collection":[{"href":"https:\/\/weis-transport.pl\/index.php?rest_route=\/wp\/v2\/pages"}],"about":[{"href":"https:\/\/weis-transport.pl\/index.php?rest_route=\/wp\/v2\/types\/page"}],"author":[{"embeddable":true,"href":"https:\/\/weis-transport.pl\/index.php?rest_route=\/wp\/v2\/users\/1"}],"replies":[{"embeddable":true,"href":"https:\/\/weis-transport.pl\/index.php?rest_route=%2Fwp%2Fv2%2Fcomments&post=14"}],"version-history":[{"count":9,"href":"https:\/\/weis-transport.pl\/index.php?rest_route=\/wp\/v2\/pages\/14\/revisions"}],"predecessor-version":[{"id":142,"href":"https:\/\/weis-transport.pl\/index.php?rest_route=\/wp\/v2\/pages\/14\/revisions\/142"}],"wp:featuredmedia":[{"embeddable":true,"href":"https:\/\/weis-transport.pl\/index.php?rest_route=\/wp\/v2\/media\/136"}],"wp:attachment":[{"href":"https:\/\/weis-transport.pl\/index.php?rest_route=%2Fwp%2Fv2%2Fmedia&parent=14"}],"curies":[{"name":"wp","href":"https:\/\/api.w.org\/{rel}","templated":true}]}}